{"id":1970,"date":"2025-01-07T14:06:37","date_gmt":"2025-01-07T14:06:37","guid":{"rendered":"https:\/\/tenisbuenavista.com\/?page_id=1970"},"modified":"2025-01-16T14:04:00","modified_gmt":"2025-01-16T14:04:00","slug":"terms-conditions","status":"publish","type":"page","link":"https:\/\/tenisbuenavista.com\/es\/terms-conditions\/","title":{"rendered":"Terms &amp; Conditions"},"content":{"rendered":"<div data-elementor-type=\"wp-page\" data-elementor-id=\"1970\" class=\"elementor elementor-1970\" data-elementor-post-type=\"page\">\n\t\t\t\t<div class=\"elementor-element elementor-element-db8dcc0 e-flex e-con-boxed e-con e-parent\" data-id=\"db8dcc0\" data-element_type=\"container\">\n\t\t\t\t\t<div class=\"e-con-inner\">\n\t\t\t\t<div class=\"elementor-element elementor-element-315930e elementor-widget elementor-widget-heading\" data-id=\"315930e\" data-element_type=\"widget\" data-widget_type=\"heading.default\">\n\t\t\t\t<div class=\"elementor-widget-container\">\n\t\t\t\t\t<h2 class=\"elementor-heading-title elementor-size-default\">Pol\u00edtica de cancelaci\u00f3n<\/h2>\t\t\t\t<\/div>\n\t\t\t\t<\/div>\n\t\t\t\t\t<\/div>\n\t\t\t\t<\/div>\n\t\t<div class=\"elementor-element elementor-element-766e16f e-flex e-con-boxed e-con e-parent\" data-id=\"766e16f\" data-element_type=\"container\">\n\t\t\t\t\t<div class=\"e-con-inner\">\n\t\t\t\t<div class=\"elementor-element elementor-element-3a94bae elementor-widget elementor-widget-text-editor\" data-id=\"3a94bae\" data-element_type=\"widget\" data-widget_type=\"text-editor.default\">\n\t\t\t\t<div class=\"elementor-widget-container\">\n\t\t\t\t\t\t\t\t\t<p>Nos comprometemos a ofrecer una experiencia excelente a todos los jugadores. Para garantizar la equidad y dar cabida a otros, por favor, adhi\u00e9rase a nuestra pol\u00edtica de cancelaci\u00f3n de reservas de pistas de tenis y p\u00e1del.<\/p><p><strong>1. Ventana de cancelaci\u00f3n<\/strong><\/p><p>M\u00e1s de <strong>24 horas antes: Sin cargo.<\/strong><br \/><strong>12-24 horas antes: 50%.<\/strong> del importe de la reserva.<br \/><strong>Menos de 12 horas antes o no presentarse: 100%<\/strong> del importe de la reserva.<\/p><p><strong>2. Pol\u00edtica de no presentaci\u00f3n<\/strong><\/p><p>Si no se presenta sin previo aviso, se le cobrar\u00e1 el importe total de la reserva.<\/p><p><strong>3. Reprogramaci\u00f3n<\/strong><\/p><p>Notif\u00edquenoslo con al menos 24 horas de antelaci\u00f3n para cambiar la fecha.<\/p><p><strong>4. Cancelaciones por causas meteorol\u00f3gicas<\/strong><\/p><p>En caso de inclemencias meteorol\u00f3gicas, puede cambiar la fecha sin penalizaci\u00f3n.<br \/>Consulte la previsi\u00f3n meteorol\u00f3gica o p\u00f3ngase en contacto con nosotros antes de reservar.<\/p><p><strong>5. Llegadas tard\u00edas<\/strong><\/p><p>Si llega tarde, la sesi\u00f3n terminar\u00e1 a la hora prevista originalmente y se le aplicar\u00e1n los gastos de reserva \u00edntegros.<\/p><p><strong>6. Circunstancias excepcionales<\/strong><\/p><p>En caso de emergencia m\u00e9dica o imprevistos, se podr\u00e1n considerar reembolsos (totales o parciales) a nuestra discreci\u00f3n.<br \/>P\u00f3ngase en contacto con nosotros lo antes posible para tratar estas situaciones.<\/p><p><strong>7. Modificaciones de las reservas<\/strong><\/p><p>Los cambios en su reserva (por ejemplo, la hora o el tipo de pista) deben hacerse con al menos 24 horas de antelaci\u00f3n.<\/p><p><strong>8. C\u00f3mo cancelar o modificar su reserva<\/strong><\/p><p>Puede gestionar sus reservas directamente a trav\u00e9s de:<\/p><p>Nuestro sistema en l\u00ednea<br \/>Por tel\u00e9fono<\/p><p>Al hacer una reserva, usted acepta esta pol\u00edtica. Gracias por su cooperaci\u00f3n para ayudarnos a mantener un proceso justo y sin problemas para todos los jugadores.<\/p><p>Si necesita ayuda, p\u00f3ngase en contacto con nuestro equipo de atenci\u00f3n al cliente.<\/p>\t\t\t\t\t\t\t\t<\/div>\n\t\t\t\t<\/div>\n\t\t\t\t\t<\/div>\n\t\t\t\t<\/div>\n\t\t\t\t<\/div>","protected":false},"excerpt":{"rendered":"<p>Cancellation Policy We are committed to providing an excellent experience for all players. To ensure fairness and accommodate others, please adhere to our cancellation policy for tennis and padel court bookings. 1. Cancellation Window More than 24 hours before: No charge.12-24 hours before: 50% of the booking fee will be charged.Less than 12 hours before [&hellip;]<\/p>\n","protected":false},"author":1,"featured_media":0,"parent":0,"menu_order":0,"comment_status":"closed","ping_status":"closed","template":"","meta":{"footnotes":""},"class_list":["post-1970","page","type-page","status-publish","hentry"],"_links":{"self":[{"href":"https:\/\/tenisbuenavista.com\/es\/wp-json\/wp\/v2\/pages\/1970","targetHints":{"allow":["GET"]}}],"collection":[{"href":"https:\/\/tenisbuenavista.com\/es\/wp-json\/wp\/v2\/pages"}],"about":[{"href":"https:\/\/tenisbuenavista.com\/es\/wp-json\/wp\/v2\/types\/page"}],"author":[{"embeddable":true,"href":"https:\/\/tenisbuenavista.com\/es\/wp-json\/wp\/v2\/users\/1"}],"replies":[{"embeddable":true,"href":"https:\/\/tenisbuenavista.com\/es\/wp-json\/wp\/v2\/comments?post=1970"}],"version-history":[{"count":13,"href":"https:\/\/tenisbuenavista.com\/es\/wp-json\/wp\/v2\/pages\/1970\/revisions"}],"predecessor-version":[{"id":2030,"href":"https:\/\/tenisbuenavista.com\/es\/wp-json\/wp\/v2\/pages\/1970\/revisions\/2030"}],"wp:attachment":[{"href":"https:\/\/tenisbuenavista.com\/es\/wp-json\/wp\/v2\/media?parent=1970"}],"curies":[{"name":"wp","href":"https:\/\/api.w.org\/{rel}","templated":true}]}}